{"id":855,"date":"2021-04-03T11:13:21","date_gmt":"2021-04-03T09:13:21","guid":{"rendered":"https:\/\/wpphysique.ijclab.in2p3.fr\/site-ocean-wp-poles\/?page_id=855"},"modified":"2021-04-03T11:13:27","modified_gmt":"2021-04-03T09:13:27","slug":"notice-hal-wordpress","status":"publish","type":"page","link":"https:\/\/wpphysique.ijclab.in2p3.fr\/site-ocean-wp-poles\/notice-hal-wordpress\/","title":{"rendered":"Notice Hal wordpress"},"content":{"rendered":"\n<p><img fetchpriority=\"high\" decoding=\"async\" class=\"img-shadow alignnone\" src=\"https:\/\/hal.archives-ouvertes.fr\/public\/doc_wordpress_6.png\" alt=\"\" width=\"567\" height=\"436\" \/><\/p>\n<p><b>[ <\/b>cv-hal <b>] <\/b>affichera les \u00e9l\u00e9ments que vous avez choisis dans les param\u00e8tres par d\u00e9faut .<\/p>\n<p>Le shortcode <b>[ <\/b>cv-hal <b>]<\/b> peut figurer dans plusieurs pages wordpress pour les diff\u00e9rentes entit\u00e9s (structure, auteur, projets) : ajouter l\u2019identifiant (de l\u2019IdHAL, de la structure, etc.) comme par exemple : <b>[ <\/b>cv-hal id=184 type=authStructId_i <b>]<\/b><\/p>\n<p>Pour trouver\/v\u00e9rifier la valeur \u00e0 mettre dans id , vous pouvez utiliser <a href=\"https:\/\/aurehal.archives-ouvertes.fr\/\">Aur\u00e9HAL<\/a> ou bien la page de collection pour avoir le code de la collection HAL<\/p>\n<h4>Liste des types d\u2019identifiants\u00a0 :<\/h4>\n<p>IdHal = authIdHal_s (Exemple : laurent-capelli)<\/p>\n<p>Structure Id = structId_i\u00a0(Exemple : 413106)<\/p>\n<p>Author Id = authId_i (Exemple : 413106)<\/p>\n<p>ANR Project Id = anrProjectId_i (Exemple : 1646)<\/p>\n<p>European Project Id = europeanProjectId_i (Exemple : 17877)<\/p>\n<p>Collection Id = collCode_s (Exemple : TICE2014)<\/p>\n","protected":false},"excerpt":{"rendered":"<p>[ cv-hal ] affichera les \u00e9l\u00e9ments que vous avez choisis dans les param\u00e8tres par d\u00e9faut . Le shortcode [ cv-hal ] peut figurer dans plusieurs pages wordpress pour les diff\u00e9rentes entit\u00e9s (structure, auteur, projets) : ajouter l\u2019identifiant (de l\u2019IdHAL, de la structure, etc.) comme par exemple : [ cv-hal id=184 type=authStructId_i ] Pour trouver\/v\u00e9rifier la [&hellip;]<\/p>\n","protected":false},"author":30,"featured_media":0,"parent":0,"menu_order":0,"comment_status":"closed","ping_status":"closed","template":"","meta":{"ocean_post_layout":"","ocean_both_sidebars_style":"","ocean_both_sidebars_content_width":0,"ocean_both_sidebars_sidebars_width":0,"ocean_sidebar":"0","ocean_second_sidebar":"0","ocean_disable_margins":"enable","ocean_add_body_class":"","ocean_shortcode_before_top_bar":"","ocean_shortcode_after_top_bar":"","ocean_shortcode_before_header":"","ocean_shortcode_after_header":"","ocean_has_shortcode":"","ocean_shortcode_after_title":"","ocean_shortcode_before_footer_widgets":"","ocean_shortcode_after_footer_widgets":"","ocean_shortcode_before_footer_bottom":"","ocean_shortcode_after_footer_bottom":"","ocean_display_top_bar":"default","ocean_display_header":"default","ocean_header_style":"","ocean_center_header_left_menu":"0","ocean_custom_header_template":"0","ocean_custom_logo":0,"ocean_custom_retina_logo":0,"ocean_custom_logo_max_width":0,"ocean_custom_logo_tablet_max_width":0,"ocean_custom_logo_mobile_max_width":0,"ocean_custom_logo_max_height":0,"ocean_custom_logo_tablet_max_height":0,"ocean_custom_logo_mobile_max_height":0,"ocean_header_custom_menu":"0","ocean_menu_typo_font_family":"0","ocean_menu_typo_font_subset":"","ocean_menu_typo_font_size":0,"ocean_menu_typo_font_size_tablet":0,"ocean_menu_typo_font_size_mobile":0,"ocean_menu_typo_font_size_unit":"px","ocean_menu_typo_font_weight":"","ocean_menu_typo_font_weight_tablet":"","ocean_menu_typo_font_weight_mobile":"","ocean_menu_typo_transform":"","ocean_menu_typo_transform_tablet":"","ocean_menu_typo_transform_mobile":"","ocean_menu_typo_line_height":0,"ocean_menu_typo_line_height_tablet":0,"ocean_menu_typo_line_height_mobile":0,"ocean_menu_typo_line_height_unit":"","ocean_menu_typo_spacing":0,"ocean_menu_typo_spacing_tablet":0,"ocean_menu_typo_spacing_mobile":0,"ocean_menu_typo_spacing_unit":"","ocean_menu_link_color":"","ocean_menu_link_color_hover":"","ocean_menu_link_color_active":"","ocean_menu_link_background":"","ocean_menu_link_hover_background":"","ocean_menu_link_active_background":"","ocean_menu_social_links_bg":"","ocean_menu_social_hover_links_bg":"","ocean_menu_social_links_color":"","ocean_menu_social_hover_links_color":"","ocean_disable_title":"default","ocean_disable_heading":"default","ocean_post_title":"","ocean_post_subheading":"","ocean_post_title_style":"","ocean_post_title_background_color":"","ocean_post_title_background":0,"ocean_post_title_bg_image_position":"","ocean_post_title_bg_image_attachment":"","ocean_post_title_bg_image_repeat":"","ocean_post_title_bg_image_size":"","ocean_post_title_height":0,"ocean_post_title_bg_overlay":0.5,"ocean_post_title_bg_overlay_color":"","ocean_disable_breadcrumbs":"default","ocean_breadcrumbs_color":"","ocean_breadcrumbs_separator_color":"","ocean_breadcrumbs_links_color":"","ocean_breadcrumbs_links_hover_color":"","ocean_display_footer_widgets":"default","ocean_display_footer_bottom":"default","ocean_custom_footer_template":"0","omw_enable_modal_window":"enable","footnotes":""},"class_list":["post-855","page","type-page","status-publish","hentry","entry"],"_links":{"self":[{"href":"https:\/\/wpphysique.ijclab.in2p3.fr\/site-ocean-wp-poles\/wp-json\/wp\/v2\/pages\/855","targetHints":{"allow":["GET"]}}],"collection":[{"href":"https:\/\/wpphysique.ijclab.in2p3.fr\/site-ocean-wp-poles\/wp-json\/wp\/v2\/pages"}],"about":[{"href":"https:\/\/wpphysique.ijclab.in2p3.fr\/site-ocean-wp-poles\/wp-json\/wp\/v2\/types\/page"}],"author":[{"embeddable":true,"href":"https:\/\/wpphysique.ijclab.in2p3.fr\/site-ocean-wp-poles\/wp-json\/wp\/v2\/users\/30"}],"replies":[{"embeddable":true,"href":"https:\/\/wpphysique.ijclab.in2p3.fr\/site-ocean-wp-poles\/wp-json\/wp\/v2\/comments?post=855"}],"version-history":[{"count":1,"href":"https:\/\/wpphysique.ijclab.in2p3.fr\/site-ocean-wp-poles\/wp-json\/wp\/v2\/pages\/855\/revisions"}],"predecessor-version":[{"id":857,"href":"https:\/\/wpphysique.ijclab.in2p3.fr\/site-ocean-wp-poles\/wp-json\/wp\/v2\/pages\/855\/revisions\/857"}],"wp:attachment":[{"href":"https:\/\/wpphysique.ijclab.in2p3.fr\/site-ocean-wp-poles\/wp-json\/wp\/v2\/media?parent=855"}],"curies":[{"name":"wp","href":"https:\/\/api.w.org\/{rel}","templated":true}]}}