{"id":288,"date":"2021-01-07T18:05:18","date_gmt":"2021-01-07T17:05:18","guid":{"rendered":"http:\/\/wpphysique.ijclab.in2p3.fr\/ribosome-site\/?page_id=288"},"modified":"2021-01-07T18:05:19","modified_gmt":"2021-01-07T17:05:19","slug":"credits","status":"publish","type":"page","link":"https:\/\/wpphysique.ijclab.in2p3.fr\/ribosome-site\/credits\/","title":{"rendered":"Cr\u00e9dits"},"content":{"rendered":"\n<h3>A propos des site web d&rsquo;IJCLab<\/h3>\n<p>Ce site est actualis\u00e9 r\u00e9guli\u00e8rement.<\/p>\n<p>Merci de nous faire part de vos commentaires et de vos questions en vous adressant au <a href=\"mailto:webmaster@ijclab.in2p3.fr\">webmestre <\/a>.\u00a0<\/p>\n<h3>Cr\u00e9dits<\/h3>\n<div class=\"rte\">\n<p><strong>\u00c9diteur<\/strong> :<\/p>\n<p><strong>IJCLab<\/strong> &#8211; Laboratoire de Physique des 2 Infinis Ir\u00e8ne Joliot-Curie<br \/>B\u00e2t. 100 &#8211; 15 rue Georges Cl\u00e9menceau<br \/>91405 Orsay cedex<\/p>\n<p><strong>Directeur de la publication<\/strong> : Achille Stocchi<\/p>\n<p><strong>Communication \u00e0 IJCLab : <\/strong>C\u00e9cile Takacs<\/p>\n<p><strong>Webmestre et responsable de projet web<\/strong>\u00a0 : Luc Petizon<\/p>\n<p><strong>D\u00e9velopeur Web :<\/strong> S\u00e9bastien Gr\u00e9goire<\/p>\n<p><strong>Conception et r\u00e9daction<\/strong> : IJCLab<\/p>\n<\/div>\n<h3><strong>Cr\u00e9dit photos<\/strong><\/h3>\n<p>Les images utilis\u00e9es pour la r\u00e9alisation du site Web d&rsquo;IJCLab du CNRS proviennent \u00a0de diff\u00e9rentes sources, IJCLab, IN2P3, CNRS, CERN. <br \/>Toute copie, totale ou partielle, ne peut se faire sans l&rsquo;accord d&rsquo;IJCLab.<\/p>\n<p><strong>Images du bandeau de la page d&rsquo;accueil<\/strong><\/p>\n<ul>\n<li style=\"list-style-type: none\">\n<ul>Ajout\u00e9 le cr\u00e9dit de vos images ici, bandeau et images composants votre site web<\/ul>\n<\/li>\n<\/ul>\n","protected":false},"excerpt":{"rendered":"<p>A propos des site web d&rsquo;IJCLab Ce site est actualis\u00e9 r\u00e9guli\u00e8rement. Merci de nous faire part de vos commentaires et de vos questions en vous adressant au webmestre .\u00a0 Cr\u00e9dits&#8230; <a href=\"https:\/\/wpphysique.ijclab.in2p3.fr\/ribosome-site\/credits\/\">Read more &raquo;<\/a><\/p>\n","protected":false},"author":30,"featured_media":0,"parent":0,"menu_order":0,"comment_status":"closed","ping_status":"closed","template":"","meta":{"footnotes":""},"class_list":["post-288","page","type-page","status-publish","hentry"],"_links":{"self":[{"href":"https:\/\/wpphysique.ijclab.in2p3.fr\/ribosome-site\/wp-json\/wp\/v2\/pages\/288","targetHints":{"allow":["GET"]}}],"collection":[{"href":"https:\/\/wpphysique.ijclab.in2p3.fr\/ribosome-site\/wp-json\/wp\/v2\/pages"}],"about":[{"href":"https:\/\/wpphysique.ijclab.in2p3.fr\/ribosome-site\/wp-json\/wp\/v2\/types\/page"}],"author":[{"embeddable":true,"href":"https:\/\/wpphysique.ijclab.in2p3.fr\/ribosome-site\/wp-json\/wp\/v2\/users\/30"}],"replies":[{"embeddable":true,"href":"https:\/\/wpphysique.ijclab.in2p3.fr\/ribosome-site\/wp-json\/wp\/v2\/comments?post=288"}],"version-history":[{"count":1,"href":"https:\/\/wpphysique.ijclab.in2p3.fr\/ribosome-site\/wp-json\/wp\/v2\/pages\/288\/revisions"}],"predecessor-version":[{"id":290,"href":"https:\/\/wpphysique.ijclab.in2p3.fr\/ribosome-site\/wp-json\/wp\/v2\/pages\/288\/revisions\/290"}],"wp:attachment":[{"href":"https:\/\/wpphysique.ijclab.in2p3.fr\/ribosome-site\/wp-json\/wp\/v2\/media?parent=288"}],"curies":[{"name":"wp","href":"https:\/\/api.w.org\/{rel}","templated":true}]}}