{"id":23,"date":"2020-11-05T18:09:50","date_gmt":"2020-11-05T17:09:50","guid":{"rendered":"http:\/\/wpphysique.ijclab.in2p3.fr\/ribosome-site\/?page_id=23"},"modified":"2021-01-18T11:07:35","modified_gmt":"2021-01-18T10:07:35","slug":"activites-et-evenements","status":"publish","type":"page","link":"https:\/\/wpphysique.ijclab.in2p3.fr\/ribosome-site\/activites-et-evenements\/","title":{"rendered":"Activit\u00e9s et \u00e9v\u00e8nements"},"content":{"rendered":"","protected":false},"excerpt":{"rendered":"","protected":false},"author":30,"featured_media":0,"parent":0,"menu_order":0,"comment_status":"closed","ping_status":"closed","template":"","meta":{"footnotes":""},"class_list":["post-23","page","type-page","status-publish","hentry"],"_links":{"self":[{"href":"https:\/\/wpphysique.ijclab.in2p3.fr\/ribosome-site\/wp-json\/wp\/v2\/pages\/23","targetHints":{"allow":["GET"]}}],"collection":[{"href":"https:\/\/wpphysique.ijclab.in2p3.fr\/ribosome-site\/wp-json\/wp\/v2\/pages"}],"about":[{"href":"https:\/\/wpphysique.ijclab.in2p3.fr\/ribosome-site\/wp-json\/wp\/v2\/types\/page"}],"author":[{"embeddable":true,"href":"https:\/\/wpphysique.ijclab.in2p3.fr\/ribosome-site\/wp-json\/wp\/v2\/users\/30"}],"replies":[{"embeddable":true,"href":"https:\/\/wpphysique.ijclab.in2p3.fr\/ribosome-site\/wp-json\/wp\/v2\/comments?post=23"}],"version-history":[{"count":4,"href":"https:\/\/wpphysique.ijclab.in2p3.fr\/ribosome-site\/wp-json\/wp\/v2\/pages\/23\/revisions"}],"predecessor-version":[{"id":442,"href":"https:\/\/wpphysique.ijclab.in2p3.fr\/ribosome-site\/wp-json\/wp\/v2\/pages\/23\/revisions\/442"}],"wp:attachment":[{"href":"https:\/\/wpphysique.ijclab.in2p3.fr\/ribosome-site\/wp-json\/wp\/v2\/media?parent=23"}],"curies":[{"name":"wp","href":"https:\/\/api.w.org\/{rel}","templated":true}]}}