{"id":126,"date":"2020-11-05T17:45:48","date_gmt":"2020-11-05T16:45:48","guid":{"rendered":"http:\/\/wpphysique.ijclab.in2p3.fr\/ribosome-site\/?page_id=126"},"modified":"2021-01-26T10:42:01","modified_gmt":"2021-01-26T09:42:01","slug":"home","status":"publish","type":"page","link":"https:\/\/wpphysique.ijclab.in2p3.fr\/ribosome-site\/en\/home\/","title":{"rendered":"Home"},"content":{"rendered":"\n<h1>Exemple de Typographie<\/h1>\n<h1>Titre 1<\/h1>\n<p>Lorem ipsum dolor sit amet, consectetuer adipiscing elit. Aenean commodo ligula eget dolor. Aenean massa. Cum sociis natoque penatibus et magnis dis parturient montes, nascetur ridiculus mus. Donec quam felis, ultricies nec, pellentesque eu, pretium quis, sem. Nulla consequat massa quis enim.<\/p>\n<h2>Titre 2<\/h2>\n<p><img loading=\"lazy\" decoding=\"async\" class=\"size-medium wp-image-258 alignright\" src=\"http:\/\/wpphysique.ijclab.in2p3.fr\/ribosome-site\/wp-content\/uploads\/sites\/25\/2021\/01\/ijclab-buildings-keynumbers-en@2x-300x128.png\" alt=\"\" width=\"300\" height=\"128\" srcset=\"https:\/\/wpphysique.ijclab.in2p3.fr\/ribosome-site\/wp-content\/uploads\/sites\/25\/2021\/01\/ijclab-buildings-keynumbers-en@2x-300x128.png 300w, https:\/\/wpphysique.ijclab.in2p3.fr\/ribosome-site\/wp-content\/uploads\/sites\/25\/2021\/01\/ijclab-buildings-keynumbers-en@2x-624x267.png 624w, https:\/\/wpphysique.ijclab.in2p3.fr\/ribosome-site\/wp-content\/uploads\/sites\/25\/2021\/01\/ijclab-buildings-keynumbers-en@2x-228x98.png 228w, https:\/\/wpphysique.ijclab.in2p3.fr\/ribosome-site\/wp-content\/uploads\/sites\/25\/2021\/01\/ijclab-buildings-keynumbers-en@2x.png 706w\" sizes=\"auto, (max-width: 300px) 100vw, 300px\" \/>Donec pede justo, fringilla vel, aliquet nec, vulputate eget, arcu. In enim justo, rhoncus ut, imperdiet a, venenatis vitae, justo. Nullam dictum felis eu pede mollis pretium. Integer tincidunt. Cras dapibus. Vivamus elementum semper nisi. Aenean vulputate eleifend tellus.<\/p>\n<h3>Titre 3<\/h3>\n<p><img loading=\"lazy\" decoding=\"async\" class=\"size-medium wp-image-265 alignleft\" src=\"http:\/\/wpphysique.ijclab.in2p3.fr\/ribosome-site\/wp-content\/uploads\/sites\/25\/2021\/01\/ijclab-main-keynumbers-fr@2x-300x192.png\" alt=\"\" width=\"300\" height=\"192\" srcset=\"https:\/\/wpphysique.ijclab.in2p3.fr\/ribosome-site\/wp-content\/uploads\/sites\/25\/2021\/01\/ijclab-main-keynumbers-fr@2x-300x192.png 300w, https:\/\/wpphysique.ijclab.in2p3.fr\/ribosome-site\/wp-content\/uploads\/sites\/25\/2021\/01\/ijclab-main-keynumbers-fr@2x-624x399.png 624w, https:\/\/wpphysique.ijclab.in2p3.fr\/ribosome-site\/wp-content\/uploads\/sites\/25\/2021\/01\/ijclab-main-keynumbers-fr@2x-181x116.png 181w, https:\/\/wpphysique.ijclab.in2p3.fr\/ribosome-site\/wp-content\/uploads\/sites\/25\/2021\/01\/ijclab-main-keynumbers-fr@2x.png 704w\" sizes=\"auto, (max-width: 300px) 100vw, 300px\" \/>Aenean leo ligula, porttitor eu, consequat vitae, eleifend ac, enim. Aliquam lorem ante, dapibus in, viverra quis, feugiat a, tellus. Phasellus viverra nulla ut metus varius laoreet. Quisque rutrum. Aenean imperdiet. Etiam ultricies nisi vel augue. Curabitur ullamcorper ultricies nisi.<\/p>\n<p>Nam eget dui. Etiam rhoncus. Maecenas tempus, tellus eget condimentum rhoncus, sem quam semper libero, sit amet adipiscing sem neque sed ipsum. Nam quam nunc, blandit vel, luctus pulvinar, hendrerit id, lorem. Maecenas nec odio et ante tincidunt tempus. Donec vitae sapien ut libero venenatis faucibus. Nullam quis ante. Etiam sit amet orci eget eros faucibus tincidunt. Duis leo. Sed fringilla mauris sit amet nibh. Donec sodales sagittis magna. Sed consequat, leo eget bibendum sodales, augue velit cursus nunc,<\/p>\n<ul>\n<li>Lorem ipsum dolor sit amet, consectetuer adipiscing elit. Aenean commodo ligula eget dolor. Aenean massa.<\/li>\n<li>Cum sociis natoque penatibus et magnis dis parturient montes, nascetur ridiculus mus. Donec quam felis, ultricies nec, pellentesque eu, pretium quis, sem.<\/li>\n<li>Nulla consequat massa quis enim. Donec pede justo, fringilla vel, aliquet nec, vulputate eget, arcu. In enim justo, rhoncus ut, imperdiet a, venenatis vitae, justo.<\/li>\n<li>Nullam dictum felis eu pede mollis pretium. Integer tincidunt. Cras dapibus. Vivamus elementum semper nisi. Aenean vulputate eleifend tellus. Aenean leo ligula, porttitor eu, consequat vitae, eleifend ac, enim. Aliquam lorem ante, dapibus in, viverra quis, feugiat a,<\/li>\n<\/ul>\n<p>Tous l&rsquo;enrichissement du texte se fait \u00e0 l&rsquo;aide de l&rsquo;\u00e9diteur de texte disponible dans la page.<\/p>\n<h2>Image du bandeau<\/h2>\n<p>L&rsquo;image du bandeau est s\u00e9lectionnable dans les m\u00e9dias.<\/p>\n<p>Apparence &gt; Personnaliser &gt; Header &gt; Header image &gt; Choisir une image.<br \/><em>note : On peut choisir une image repr\u00e9sentant votre Equipe\/Projet ou plusieurs.(Pour un d\u00e9filement al\u00e9atoire).<\/em><br \/><em>Il faudra pr\u00e9alablement cr\u00e9er ces images et les importer. Se rapprocher du service de Communication.<\/em><\/p>\n<p>\u00a0<\/p>\n<h2>Les liens<\/h2>\n<p><a href=\"http:\/\/wpphysique.ijclab.in2p3.fr\/ribosome-site\/credits\/\">Lien page<\/a><\/p>\n<p><a href=\"http:\/\/www.cnrs.fr\/\" target=\"_blank\" rel=\"noopener noreferrer\">Lien url externe<\/a><\/p>\n<h2>Les images<\/h2>\n<p>Ins\u00e9rer un slider &gt; Il faut d\u00e9ja cr\u00e9er le slider avec l&rsquo;estension d\u00e9di\u00e9e (Smart Slider). Le code est ins\u00e9r\u00e9 dans la ligne ci-dessous pour afficher le slider. Pour profiter de ce slider il suffit de dupliquer l&rsquo;exemple ci-dessous et de venir remplacer les images depuis les M\u00e9dias et de modifier les textes.<\/p>\n\n<div>Toutes les images (Comme les autres fichiers, PDF, Excel, word, etc) sont \u00e0 ins\u00e9rer \u00e0 partir des M\u00e9dias.<br \/>Il faut dans l&rsquo;\u00e9diteur \u00ab\u00a0ajouter un m\u00e9dia\u00a0\u00bb. Le param\u00e9trage est disponible ensuite en \u00ab\u00a0cliquant\u00a0\u00bb sur le m\u00e9dia avec l&rsquo;icone \u00ab\u00a0stylo\u00a0\u00bb.<\/div>\n<div>\u00a0<\/div>\n<div id=\"attachment_463\" style=\"width: 310px\" class=\"wp-caption alignnone\"><a href=\"http:\/\/wpphysique.ijclab.in2p3.fr\/ribosome-site\/wp-content\/uploads\/sites\/25\/2021\/01\/IJCLab-visuel-sante-physques.jpg\" target=\"_blank\" rel=\"noopener noreferrer\"><img loading=\"lazy\" decoding=\"async\" aria-describedby=\"caption-attachment-463\" class=\"wp-image-463 size-medium\" src=\"http:\/\/wpphysique.ijclab.in2p3.fr\/ribosome-site\/wp-content\/uploads\/sites\/25\/2021\/01\/IJCLab-visuel-sante-physques-300x82.jpg\" alt=\"&quot;Texte\" width=\"300\" height=\"82\" srcset=\"https:\/\/wpphysique.ijclab.in2p3.fr\/ribosome-site\/wp-content\/uploads\/sites\/25\/2021\/01\/IJCLab-visuel-sante-physques-300x82.jpg 300w, https:\/\/wpphysique.ijclab.in2p3.fr\/ribosome-site\/wp-content\/uploads\/sites\/25\/2021\/01\/IJCLab-visuel-sante-physques-768x210.jpg 768w, https:\/\/wpphysique.ijclab.in2p3.fr\/ribosome-site\/wp-content\/uploads\/sites\/25\/2021\/01\/IJCLab-visuel-sante-physques-624x171.jpg 624w, https:\/\/wpphysique.ijclab.in2p3.fr\/ribosome-site\/wp-content\/uploads\/sites\/25\/2021\/01\/IJCLab-visuel-sante-physques-228x62.jpg 228w, https:\/\/wpphysique.ijclab.in2p3.fr\/ribosome-site\/wp-content\/uploads\/sites\/25\/2021\/01\/IJCLab-visuel-sante-physques.jpg 950w\" sizes=\"auto, (max-width: 300px) 100vw, 300px\" \/><\/a><p id=\"caption-attachment-463\" class=\"wp-caption-text\">d\u00e9tails de l&rsquo;image\u00a0\u00bb width=\u00a0\u00bb300&Prime; height=\u00a0\u00bb82&Prime;&gt; La l\u00e9gende est \u00e0 remplir dans M\u00e9dia &gt; d\u00e9tails de l&rsquo;image<\/p><\/div>\n<h2>Les tableaux<\/h2>\n<p>Le tableau ci-dessous r\u00e9sulte d&rsquo;un simple copier-coller depuis un navigateur \u00e0 partir d&rsquo;une ancienne page d&rsquo;un de nos sites web ex labos. Le copier-coller respecte la mise en forme, les liens inclus. N&rsquo;inclus pas les documents li\u00e9s!<\/p>\n<p>Pour r\u00e9gler le tableau dans wordpress s\u00e9lectionner celui-ci et rendez vous dans le menu \u00ab\u00a0tableau\u00a0\u00bb de l&rsquo;\u00e9diteur (voir en haut de cette page).<\/p>\n<p>Il est possible de personnaliser sont tableau, attention toutefois, le web n&rsquo;offre pas toutes les possibilit\u00e9s de Word, excel! Restez simple dans vos tableaux.<\/p>\n<table id=\"tab_membre\" cellpadding=\"10\">\n<thead>\n<tr id=\"entete\">\n<td><strong>\u00a0\u00a0NOM \u00a0PRENOM\u00a0\u00a0<\/strong><\/td>\n<td><strong>\u00a0\u00a0\u00a0\u00a0EMAIL \u00a0\u00a0<\/strong><\/td>\n<td><strong>\u00a0\u00a0BATIMENT\u00a0 <br \/><\/strong><\/td>\n<td><strong>\u00a0\u00a0PIECES\u00a0\u00a0<\/strong><\/td>\n<td><strong>\u00a0\u00a0TELEPHONE\u00a0\u00a0<\/strong><\/td>\n<td><strong>\u00a0\u00a0CATEGORIE\u00a0\u00a0<\/strong><\/td>\n<\/tr>\n<\/thead>\n<tbody>\n<tr>\n<td>\u00a0\u00a0<a href=\"http:\/\/ipnwww.in2p3.fr\/veronique-BERNARD\">BERNARD \u00a0V\u00e9ronique<\/a><\/td>\n<td><a>bernard<\/a><\/td>\n<td>\u00a0\u00a0\u00a0\u00a0\u00a0100A\u00a0\u00a0<\/td>\n<td>\u00a0\u00a0A134\u00a0\u00a0<\/td>\n<td>\u00a0\u00a0\u00a0\u00a0\u00a0\u00a0 0169156456\u00a0\u00a0<\/td>\n<td>\u00a0\u00a0Permanent Chercheur\u00a0\u00a0<\/td>\n<\/tr>\n<tr>\n<td>\u00a0\u00a0BURRELLO \u00a0Stefano<\/td>\n<td><a>burrello<\/a><\/td>\n<td>\u00a0\u00a0\u00a0\u00a0\u00a0\u00a0\u00a0<\/td>\n<td>\u00a0\u00a0\u00a0\u00a0<\/td>\n<td>\u00a0\u00a0\u00a0\u00a0\u00a0\u00a0 01691\u00a0\u00a0<\/td>\n<td>\u00a0\u00a0Contractuel Chercheur\u00a0\u00a0<\/td>\n<\/tr>\n<tr>\n<td>\u00a0\u00a0CARBONELL \u00a0Jaume<\/td>\n<td><a>carbonell<\/a><\/td>\n<td>\u00a0\u00a0\u00a0\u00a0\u00a0100A\u00a0\u00a0<\/td>\n<td>\u00a0\u00a0A106\u00a0\u00a0<\/td>\n<td>\u00a0\u00a0\u00a0\u00a0\u00a0\u00a0 0169157926\u00a0\u00a0<\/td>\n<td>\u00a0\u00a0Permanent Chercheur\u00a0\u00a0<\/td>\n<\/tr>\n<tr>\n<td>\u00a0\u00a0CZUBA \u00a0Thomas<\/td>\n<td><a>czuba<\/a><\/td>\n<td>\u00a0\u00a0\u00a0\u00a0\u00a0\u00a0\u00a0<\/td>\n<td>\u00a0\u00a0\u00a0\u00a0<\/td>\n<td>\u00a0\u00a0\u00a0\u00a0\u00a0\u00a0 01691\u00a0\u00a0<\/td>\n<td>\u00a0\u00a0Contractuel Doctorant\u00a0\u00a0<\/td>\n<\/tr>\n<tr>\n<td>\u00a0\u00a0DINH VIET \u00a0Hung<\/td>\n<td><a>dinh<\/a><\/td>\n<td>\u00a0\u00a0\u00a0\u00a0\u00a0\u00a0\u00a0<\/td>\n<td>\u00a0\u00a0\u00a0\u00a0<\/td>\n<td>\u00a0\u00a0\u00a0\u00a0\u00a0\u00a0 01691\u00a0\u00a0<\/td>\n<td>\u00a0\u00a0Contractuel Doctorant\u00a0\u00a0<\/td>\n<\/tr>\n<tr>\n<td>\u00a0\u00a0DUREL \u00a0David<\/td>\n<td><a>dureldavid<\/a><\/td>\n<td>\u00a0\u00a0\u00a0\u00a0\u00a0100A\u00a0\u00a0<\/td>\n<td>\u00a0\u00a0A101\u00a0\u00a0<\/td>\n<td>\u00a0\u00a0\u00a0\u00a0\u00a0\u00a0 0169156301\u00a0\u00a0<\/td>\n<td>\u00a0\u00a0Contractuel Doctorant\u00a0\u00a0<\/td>\n<\/tr>\n<tr>\n<td>\u00a0\u00a0FLORE \u00a0Carlo<\/td>\n<td><a>flore<\/a><\/td>\n<td>\u00a0\u00a0\u00a0\u00a0\u00a0\u00a0\u00a0<\/td>\n<td>\u00a0\u00a0\u00a0\u00a0<\/td>\n<td>\u00a0\u00a0\u00a0\u00a0\u00a0\u00a0 01691\u00a0\u00a0<\/td>\n<td>\u00a0\u00a0Contractuel ITA\u00a0\u00a0<\/td>\n<\/tr>\n<tr>\n<td>\u00a0\u00a0FRABOULET \u00a0Kilian<\/td>\n<td><a>fraboulet<\/a><\/td>\n<td>\u00a0\u00a0\u00a0\u00a0\u00a0100A\u00a0\u00a0<\/td>\n<td>\u00a0\u00a0A137\u00a0\u00a0<\/td>\n<td>\u00a0\u00a0\u00a0\u00a0\u00a0\u00a0 0169157173\u00a0\u00a0<\/td>\n<td>\u00a0\u00a0Contractuel Doctorant\u00a0\u00a0<\/td>\n<\/tr>\n<tr>\n<td>\u00a0\u00a0<a href=\"http:\/\/ipnwww.in2p3.fr\/Samuel-FRIOT\">FRIOT \u00a0Samuel<\/a><\/td>\n<td><a>friot<\/a><\/td>\n<td>\u00a0\u00a0\u00a0\u00a0\u00a0100A\u00a0\u00a0<\/td>\n<td>\u00a0\u00a0A136a\u00a0\u00a0<\/td>\n<td>\u00a0\u00a0\u00a0\u00a0\u00a0\u00a0 0169156270\u00a0\u00a0<\/td>\n<td>\u00a0\u00a0Permanent Enseignant-chercheur\u00a0\u00a0<\/td>\n<\/tr>\n<tr>\n<td>\u00a0\u00a0GRASSO \u00a0Marcella<\/td>\n<td><a>grasso<\/a><\/td>\n<td>\u00a0\u00a0\u00a0\u00a0\u00a0100A\u00a0\u00a0<\/td>\n<td>\u00a0\u00a0A104\u00a0\u00a0<\/td>\n<td>\u00a0\u00a0\u00a0\u00a0\u00a0\u00a0 0169156249\u00a0\u00a0<\/td>\n<td>\u00a0\u00a0Permanent Chercheur\u00a0\u00a0<\/td>\n<\/tr>\n<tr>\n<td>\u00a0\u00a0GUVEN \u00a0Hasim Zahid<\/td>\n<td><a>hasimzahid<\/a><\/td>\n<td>\u00a0\u00a0\u00a0\u00a0\u00a0100A\u00a0\u00a0<\/td>\n<td>\u00a0\u00a0A103\u00a0\u00a0<\/td>\n<td>\u00a0\u00a0\u00a0\u00a0\u00a0\u00a0 0169156251\u00a0\u00a0<\/td>\n<td>\u00a0\u00a0Contractuel Doctorant\u00a0\u00a0<\/td>\n<\/tr>\n<tr>\n<td>\u00a0\u00a0HUPIN \u00a0Guillaume<\/td>\n<td><a>hupin<\/a><\/td>\n<td>\u00a0\u00a0\u00a0\u00a0\u00a0100A\u00a0\u00a0<\/td>\n<td>\u00a0\u00a0A138c\u00a0\u00a0<\/td>\n<td>\u00a0\u00a0\u00a0\u00a0\u00a0\u00a0 0169156506\u00a0\u00a0<\/td>\n<td>\u00a0\u00a0Permanent Chercheur\u00a0\u00a0<\/td>\n<\/tr>\n<tr>\n<td>\u00a0\u00a0<a href=\"http:\/\/ipnwww.in2p3.fr\/Elias-KHAN\">KHAN \u00a0Elias<\/a><\/td>\n<td><a>khan<\/a><\/td>\n<td>\u00a0\u00a0\u00a0\u00a0\u00a0100A\u00a0\u00a0<\/td>\n<td>\u00a0\u00a0A137\u00a0\u00a0<\/td>\n<td>\u00a0\u00a0\u00a0\u00a0\u00a0\u00a0 0169157173\u00a0\u00a0<\/td>\n<td>\u00a0\u00a0Permanent Enseignant-chercheur\u00a0\u00a0<\/td>\n<\/tr>\n<tr>\n<td>\u00a0\u00a0<a href=\"http:\/\/ipnwww.in2p3.fr\/Denis-LACROIX,977\">LACROIX \u00a0Denis<\/a><\/td>\n<td><a>lacroix<\/a><\/td>\n<td>\u00a0\u00a0\u00a0\u00a0\u00a0100A\u00a0\u00a0<\/td>\n<td>\u00a0\u00a0A129\u00a0\u00a0<\/td>\n<td>\u00a0\u00a0\u00a0\u00a0\u00a0\u00a0 0169157151\u00a0\u00a0<\/td>\n<td>\u00a0\u00a0Permanent Chercheur\u00a0\u00a0<\/td>\n<\/tr>\n<tr>\n<td>\u00a0\u00a0<a href=\"http:\/\/ipnwww.in2p3.fr\/Jean-Philippe-LANSBERG,1161\">LANSBERG \u00a0Jean-Philippe<\/a><\/td>\n<td><a>lansberg<\/a><\/td>\n<td>\u00a0\u00a0\u00a0\u00a0\u00a0100A\u00a0\u00a0<\/td>\n<td>\u00a0\u00a0A128\u00a0\u00a0<\/td>\n<td>\u00a0\u00a0\u00a0\u00a0\u00a0\u00a0 0169157330\u00a0\u00a0<\/td>\n<td>\u00a0\u00a0Permanent Chercheur\u00a0\u00a0<\/td>\n<\/tr>\n<tr>\n<td>\u00a0\u00a0MERCIER \u00a0Florian<\/td>\n<td><a>mercier<\/a><\/td>\n<td>\u00a0\u00a0\u00a0\u00a0\u00a0100A\u00a0\u00a0<\/td>\n<td>\u00a0\u00a0A137\u00a0\u00a0<\/td>\n<td>\u00a0\u00a0\u00a0\u00a0\u00a0\u00a0 0169157173\u00a0\u00a0<\/td>\n<td>\u00a0\u00a0Contractuel Doctorant\u00a0\u00a0<\/td>\n<\/tr>\n<tr>\n<td>\u00a0\u00a0MOUSALLAM \u00a0Bachir<\/td>\n<td><a>moussall<\/a><\/td>\n<td>\u00a0\u00a0\u00a0\u00a0\u00a0100A\u00a0\u00a0<\/td>\n<td>\u00a0\u00a0A131\u00a0\u00a0<\/td>\n<td>\u00a0\u00a0\u00a0\u00a0\u00a0\u00a0 0169157308\u00a0\u00a0<\/td>\n<td>\u00a0\u00a0Permanent Chercheur\u00a0\u00a0<\/td>\n<\/tr>\n<tr>\n<td>\u00a0\u00a0NAPOLITANI \u00a0Paolo<\/td>\n<td><a>napolita<\/a><\/td>\n<td>\u00a0\u00a0\u00a0\u00a0\u00a0100A\u00a0\u00a0<\/td>\n<td>\u00a0\u00a0A102b\u00a0\u00a0<\/td>\n<td>\u00a0\u00a0\u00a0\u00a0\u00a0\u00a0 0169157122\u00a0\u00a0<\/td>\n<td>\u00a0\u00a0Permanent Chercheur\u00a0\u00a0<\/td>\n<\/tr>\n<tr>\n<td>\u00a0\u00a0NGUYEN \u00a0Van Giai<\/td>\n<td><a>nguyen<\/a><\/td>\n<td>\u00a0\u00a0\u00a0\u00a0\u00a0100A\u00a0\u00a0<\/td>\n<td>\u00a0\u00a0A105\u00a0\u00a0<\/td>\n<td>\u00a0\u00a0\u00a0\u00a0\u00a0\u00a0 0169157214\u00a0\u00a0<\/td>\n<td>\u00a0\u00a0Em\u00e9rite Chercheur\u00a0\u00a0<\/td>\n<\/tr>\n<tr>\n<td>\u00a0\u00a0OZCELIK \u00a0Melih<\/td>\n<td><a>ozcelik<\/a><\/td>\n<td>\u00a0\u00a0\u00a0\u00a0\u00a0100A\u00a0\u00a0<\/td>\n<td>\u00a0\u00a0A103\u00a0\u00a0<\/td>\n<td>\u00a0\u00a0\u00a0\u00a0\u00a0\u00a0 0169156251\u00a0\u00a0<\/td>\n<td>\u00a0\u00a0Contractuel Doctorant\u00a0\u00a0<\/td>\n<\/tr>\n<tr>\n<td>\u00a0\u00a0PIAZZA \u00a0Val\u00e9rie<\/td>\n<td><a>piazza<\/a><\/td>\n<td>\u00a0\u00a0\u00a0\u00a0\u00a0\u00a0\u00a0<\/td>\n<td>\u00a0\u00a0\u00a0\u00a0<\/td>\n<td>\u00a0\u00a0\u00a0\u00a0\u00a0\u00a0 0169155100\u00a0\u00a0<\/td>\n<td>\u00a0\u00a0Permanent ITA\u00a0\u00a0<\/td>\n<\/tr>\n<tr>\n<td>\u00a0\u00a0<a href=\"http:\/\/ipnwww.in2p3.fr\/Neil-ROWLEY,1090\">ROWLEY \u00a0Neil<\/a><\/td>\n<td><a>rowley<\/a><\/td>\n<td>\u00a0\u00a0\u00a0\u00a0\u00a0100A\u00a0\u00a0<\/td>\n<td>\u00a0\u00a0A138b\u00a0\u00a0<\/td>\n<td>\u00a0\u00a0\u00a0\u00a0\u00a0\u00a0 0169157779\u00a0\u00a0<\/td>\n<td>\u00a0\u00a0Em\u00e9rite Chercheur\u00a0\u00a0<\/td>\n<\/tr>\n<tr>\n<td>\u00a0\u00a0<a href=\"http:\/\/ipnwww.in2p3.fr\/Hagop-SAZDJIAN\">SAZDJIAN \u00a0Hagop<\/a><\/td>\n<td><a>sazdjian<\/a><\/td>\n<td>\u00a0\u00a0\u00a0\u00a0\u00a0100A\u00a0\u00a0<\/td>\n<td>\u00a0\u00a0A133\u00a0\u00a0<\/td>\n<td>\u00a0\u00a0\u00a0\u00a0\u00a0\u00a0 0169157925\u00a0\u00a0<\/td>\n<td>\u00a0\u00a0Em\u00e9rite Enseignant-chercheur\u00a0\u00a0<\/td>\n<\/tr>\n<tr>\n<td>\u00a0\u00a0SCHUCK \u00a0Peter<\/td>\n<td><a>schuck<\/a><\/td>\n<td>\u00a0\u00a0\u00a0\u00a0\u00a0100A\u00a0\u00a0<\/td>\n<td>\u00a0\u00a0A102b\u00a0\u00a0<\/td>\n<td>\u00a0\u00a0\u00a0\u00a0\u00a0\u00a0 0169157929\u00a0\u00a0<\/td>\n<td>\u00a0\u00a0Em\u00e9rite Chercheur\u00a0\u00a0<\/td>\n<\/tr>\n<tr>\n<td>\u00a0\u00a0<a href=\"http:\/\/ipnwww.in2p3.fr\/Michael-URBAN\">URBAN \u00a0Michael<\/a><\/td>\n<td><a>urban<\/a><\/td>\n<td>\u00a0\u00a0\u00a0\u00a0\u00a0100A\u00a0\u00a0<\/td>\n<td>\u00a0\u00a0A132\u00a0\u00a0<\/td>\n<td>\u00a0\u00a0\u00a0\u00a0\u00a0\u00a0 0169156247\u00a0\u00a0<\/td>\n<td>\u00a0\u00a0Permanent Chercheur\u00a0\u00a0<\/td>\n<\/tr>\n<tr>\n<td>\u00a0\u00a0<a href=\"http:\/\/ipnwww.in2p3.fr\/Ubirajara-VAN-KOLCK\">VAN KOLCK \u00a0Ubirajara<\/a><\/td>\n<td><a>vankolck<\/a><\/td>\n<td>\u00a0\u00a0\u00a0\u00a0\u00a0100A\u00a0\u00a0<\/td>\n<td>\u00a0\u00a0A136b\u00a0\u00a0<\/td>\n<td>\u00a0\u00a0\u00a0\u00a0\u00a0\u00a0 0169156535\u00a0\u00a0<\/td>\n<td>\u00a0\u00a0Permanent Chercheur\u00a0\u00a0<\/td>\n<\/tr>\n<tr>\n<td>\u00a0\u00a0XIAO \u00a0Yang<\/td>\n<td><a>xiao<\/a><\/td>\n<td>\u00a0\u00a0\u00a0\u00a0\u00a0\u00a0\u00a0<\/td>\n<td>\u00a0\u00a0\u00a0\u00a0<\/td>\n<td>\u00a0\u00a0\u00a0\u00a0\u00a0\u00a0 01691\u00a0\u00a0<\/td>\n<td>\u00a0\u00a0Contractuel Doctorant\u00a0\u00a0<\/td>\n<\/tr>\n<\/tbody>\n<\/table>\n<p>\u00a0<\/p>\n","protected":false},"excerpt":{"rendered":"<p>Exemple de Typographie Titre 1 Lorem ipsum dolor sit amet, consectetuer adipiscing elit. Aenean commodo ligula eget dolor. Aenean massa. Cum sociis natoque penatibus et magnis dis parturient montes, nascetur&#8230; <a href=\"https:\/\/wpphysique.ijclab.in2p3.fr\/ribosome-site\/en\/home\/\">Read more &raquo;<\/a><\/p>\n","protected":false},"author":30,"featured_media":0,"parent":0,"menu_order":0,"comment_status":"closed","ping_status":"closed","template":"","meta":{"footnotes":""},"class_list":["post-126","page","type-page","status-publish","hentry"],"_links":{"self":[{"href":"https:\/\/wpphysique.ijclab.in2p3.fr\/ribosome-site\/wp-json\/wp\/v2\/pages\/126","targetHints":{"allow":["GET"]}}],"collection":[{"href":"https:\/\/wpphysique.ijclab.in2p3.fr\/ribosome-site\/wp-json\/wp\/v2\/pages"}],"about":[{"href":"https:\/\/wpphysique.ijclab.in2p3.fr\/ribosome-site\/wp-json\/wp\/v2\/types\/page"}],"author":[{"embeddable":true,"href":"https:\/\/wpphysique.ijclab.in2p3.fr\/ribosome-site\/wp-json\/wp\/v2\/users\/30"}],"replies":[{"embeddable":true,"href":"https:\/\/wpphysique.ijclab.in2p3.fr\/ribosome-site\/wp-json\/wp\/v2\/comments?post=126"}],"version-history":[{"count":6,"href":"https:\/\/wpphysique.ijclab.in2p3.fr\/ribosome-site\/wp-json\/wp\/v2\/pages\/126\/revisions"}],"predecessor-version":[{"id":539,"href":"https:\/\/wpphysique.ijclab.in2p3.fr\/ribosome-site\/wp-json\/wp\/v2\/pages\/126\/revisions\/539"}],"wp:attachment":[{"href":"https:\/\/wpphysique.ijclab.in2p3.fr\/ribosome-site\/wp-json\/wp\/v2\/media?parent=126"}],"curies":[{"name":"wp","href":"https:\/\/api.w.org\/{rel}","templated":true}]}}